{"id":6563,"date":"2023-10-19T15:46:20","date_gmt":"2023-10-19T15:46:20","guid":{"rendered":"https:\/\/challenge-cesenatico.com\/?page_id=6563"},"modified":"2023-10-19T15:57:10","modified_gmt":"2023-10-19T15:57:10","slug":"cesenatico","status":"publish","type":"page","link":"https:\/\/challenge-cesenatico.com\/it\/cesenatico\/","title":{"rendered":"Cesenatico"},"content":{"rendered":"<div class=\"wpb-content-wrapper\">[vc_row][vc_column][vc_single_image image=&#8221;6566&#8243; img_size=&#8221;full&#8221; title=&#8221;Il borgo marinaro del buon vivere&#8221;][vc_column_text css=&#8221;.vc_custom_1697731022355{margin-bottom: 0px !important;}&#8221;]<strong>Cesenatico \u00e8 un caratteristico borgo nel cuore della Riviera romagnola<\/strong>. Una piccola cittadina marinara in cui chiunque pu\u00f2 trovare l\u2019esperienza di viaggio perfetta e godere, per qualche giorno, del piacere di vivere bene.<br \/>\nIn famiglia, in coppia o da soli tra arte e cultura, mare, natura, benessere, enogastronomia e vacanze in bicicletta: scegli la tua passione e scopri\u00a0<strong>cosa fare e vedere a Cesenatico<\/strong>\u00a0in vacanza.[\/vc_column_text][\/vc_column][\/vc_row][vc_row][vc_column width=&#8221;1\/2&#8243;][vc_single_image image=&#8221;6576&#8243; img_size=&#8221;large&#8221;][\/vc_column][vc_column width=&#8221;1\/2&#8243;][vc_column_text css=&#8221;.vc_custom_1697729135276{margin-bottom: 0px !important;}&#8221;]\n<h3>Arte&amp;Cultura<\/h3>\n<p>Lungo il Porto Canale Leonardesco di Cesenatico\u00a0<strong>si respira aria di cultura<\/strong>. Guardarsi intorno vuol dire trovare in ogni angolo qualcosa di cui meravigliarsi:\u00a0<strong>le case colorate, le barche storiche, i ristorantini, i vicoli, i musei<\/strong>.<br \/>\nUn concentrato di cultura marinara da vivere attivamente e scoprire insieme alle persone del luogo.[\/vc_column_text][\/vc_column][\/vc_row][vc_row][vc_column width=&#8221;1\/2&#8243;][vc_column_text css=&#8221;.vc_custom_1697729156516{margin-bottom: 0px !important;}&#8221;]\n<h3>Mare<\/h3>\n<p>Nel cuore della Riviera romagnola, Cesenatico \u00e8 la meta ideale per una\u00a0<strong>vacanza al mare accolti dal calore romagnolo<\/strong>.<br \/>\n<strong>Spiagge ampie<\/strong>, sicure e ricche di attivit\u00e0 per le famiglie con bambini, localit\u00e0 pi\u00f9 tranquille per gli amanti del\u00a0<strong>campeggio, sport acquatici\u00a0<\/strong>per i pi\u00f9 avventurosi.[\/vc_column_text][\/vc_column][vc_column width=&#8221;1\/2&#8243;][vc_single_image image=&#8221;6587&#8243; img_size=&#8221;large&#8221;][\/vc_column][\/vc_row][vc_row][vc_column width=&#8221;1\/2&#8243;][vc_single_image image=&#8221;6589&#8243; img_size=&#8221;large&#8221;][\/vc_column][vc_column width=&#8221;1\/2&#8243;][vc_column_text css=&#8221;.vc_custom_1697729186492{margin-bottom: 0px !important;}&#8221;]\n<h3>Natura<\/h3>\n<p>Cesenatico si trova nell\u2019<strong>Oasi costiera della Riviera romagnola<\/strong>, un territorio circondato da parchi, riserve e spiagge immerse nella natura.<br \/>\nDalla pineta di Zadina alle escursioni nell\u2019entroterra, chi ama le\u00a0<strong>vacanze all\u2019aria aperta<\/strong>\u00a0trova qui un luogo ricco di esperienze per ritrovarsi e ritrovare il contatto con la natura.[\/vc_column_text][\/vc_column][\/vc_row][vc_row][vc_column width=&#8221;1\/2&#8243;][vc_column_text css=&#8221;.vc_custom_1697729205171{margin-bottom: 0px !important;}&#8221;]\n<h3>Sport&amp;Benessere<\/h3>\n<p><strong>Divertimento, sport e momenti di relax<\/strong>: a Cesenatico chiunque pu\u00f2 dedicarsi alle proprie passioni e scoprirne di nuove, soprattutto in vacanza. Il paesaggio naturale, tra il mare e l\u2019entroterra, \u00e8 il terreno perfetto per sport acquatici, giochi in spiaggia, escursioni a piedi e in bici ed esperienze per\u00a0<strong>il benessere di corpo e mente<\/strong>.[\/vc_column_text][\/vc_column][vc_column width=&#8221;1\/2&#8243;][vc_single_image image=&#8221;6580&#8243; img_size=&#8221;large&#8221;][\/vc_column][\/vc_row][vc_row][vc_column width=&#8221;1\/2&#8243;][vc_single_image image=&#8221;6582&#8243; img_size=&#8221;large&#8221;][\/vc_column][vc_column width=&#8221;1\/2&#8243;][vc_column_text css=&#8221;.vc_custom_1697729236723{margin-bottom: 0px !important;}&#8221;]\n<h3>Enogastronomia<\/h3>\n<p><strong>Tutti i sapori pi\u00f9 freschi del mare arrivano in tavola a Cesenatico.<\/strong>\u00a0Una vera vacanza enogastronomica inizia a tavola e finisce nella storia e nella tradizione di ogni piatto, ogni vino, ogni prodotto tipico. Nei ristoranti della citt\u00e0 si scopre la lunga\u00a0<strong>cultura marinara e gastronomica della Romagna<\/strong>, che si traduce in una cucina di qualit\u00e0 a portata di tutti.[\/vc_column_text][\/vc_column][\/vc_row][vc_row][vc_column width=&#8221;1\/2&#8243;][vc_column_text css=&#8221;.vc_custom_1697729259387{margin-bottom: 0px !important;}&#8221;]\n<h3>Cesenatico Bike<\/h3>\n<p>\u00c8 la citt\u00e0 di\u00a0<strong>Marco Pantani<\/strong>, \u00e8 la citt\u00e0 della\u00a0<strong>Nove Colli<\/strong>, \u00e8 la citt\u00e0 in cui fa tappa il Giro d\u2019Italia da pi\u00f9 di 80 anni. Cesenatico \u00e8 la\u00a0<strong>destinazione imperdibile per i veri amanti della bicicletta<\/strong>, che qui trovano piste ciclabili, eventi, servizi e bike hotel per una vacanza bike da veri \u201cpirati\u201d.[\/vc_column_text][\/vc_column][vc_column width=&#8221;1\/2&#8243;][vc_single_image image=&#8221;6578&#8243; img_size=&#8221;large&#8221;][\/vc_column][\/vc_row][vc_row][vc_column][vc_column_text css=&#8221;.vc_custom_1697730495933{margin-bottom: 0px !important;}&#8221;]Informazioni tratte da: <a href=\"http:\/\/www.visitcesenatico.it\">visitcesenatico.it<\/a>[\/vc_column_text][\/vc_column][\/vc_row]\n<\/div>","protected":false},"excerpt":{"rendered":"<p>[vc_row][vc_column][vc_single_image image=&#8221;6566&#8243; img_size=&#8221;full&#8221; title=&#8221;Il borgo marinaro del buon vivere&#8221;][vc_column_text css=&#8221;.vc_custom_1697731022355{margin-bottom: 0px !important;}&#8221;]Cesenatico \u00e8 un caratteristico borgo nel cuore della Riviera romagnola. Una piccola cittadina marinara in cui chiunque pu\u00f2 trovare l\u2019esperienza di viaggio perfetta e godere, per qualche giorno, del piacere di vivere bene. In famiglia, in coppia o da soli tra arte e cultura, [&hellip;]<\/p>\n","protected":false},"author":122,"featured_media":6580,"parent":0,"menu_order":0,"comment_status":"closed","ping_status":"closed","template":"","meta":{"footnotes":""},"class_list":["post-6563","page","type-page","status-publish","has-post-thumbnail","hentry"],"yoast_head":"<!-- This site is optimized with the Yoast SEO plugin v25.6 - https:\/\/yoast.com\/wordpress\/plugins\/seo\/ -->\n<title>Cesenatico - Challenge Cesenatico<\/title>\n<meta name=\"robots\" content=\"index, follow, max-snippet:-1, max-image-preview:large, max-video-preview:-1\" \/>\n<link rel=\"canonical\" href=\"https:\/\/challenge-cesenatico.com\/it\/cesenatico\/\" \/>\n<meta property=\"og:locale\" content=\"it_IT\" \/>\n<meta property=\"og:type\" content=\"article\" \/>\n<meta property=\"og:title\" content=\"Cesenatico - Challenge Cesenatico\" \/>\n<meta property=\"og:description\" content=\"[vc_row][vc_column][vc_single_image image=&#8221;6566&#8243; img_size=&#8221;full&#8221; title=&#8221;Il borgo marinaro del buon vivere&#8221;][vc_column_text css=&#8221;.vc_custom_1697731022355{margin-bottom: 0px !important;}&#8221;]Cesenatico \u00e8 un caratteristico borgo nel cuore della Riviera romagnola. Una piccola cittadina marinara in cui chiunque pu\u00f2 trovare l\u2019esperienza di viaggio perfetta e godere, per qualche giorno, del piacere di vivere bene. In famiglia, in coppia o da soli tra arte e cultura, [&hellip;]\" \/>\n<meta property=\"og:url\" content=\"https:\/\/challenge-cesenatico.com\/it\/cesenatico\/\" \/>\n<meta property=\"og:site_name\" content=\"Challenge Cesenatico\" \/>\n<meta property=\"article:modified_time\" content=\"2023-10-19T15:57:10+00:00\" \/>\n<meta property=\"og:image\" content=\"https:\/\/challenge-cesenatico.com\/wp-content\/uploads\/sites\/48\/2023\/10\/spiaggia-cesenatico.jpg\" \/>\n\t<meta property=\"og:image:width\" content=\"1200\" \/>\n\t<meta property=\"og:image:height\" content=\"800\" \/>\n\t<meta property=\"og:image:type\" content=\"image\/jpeg\" \/>\n<meta name=\"twitter:card\" content=\"summary_large_image\" \/>\n<meta name=\"twitter:label1\" content=\"Tempo di lettura stimato\" \/>\n\t<meta name=\"twitter:data1\" content=\"2 minuti\" \/>\n<script type=\"application\/ld+json\" class=\"yoast-schema-graph\">{\"@context\":\"https:\/\/schema.org\",\"@graph\":[{\"@type\":\"WebPage\",\"@id\":\"https:\/\/challenge-cesenatico.com\/it\/cesenatico\/\",\"url\":\"https:\/\/challenge-cesenatico.com\/it\/cesenatico\/\",\"name\":\"Cesenatico - Challenge Cesenatico\",\"isPartOf\":{\"@id\":\"https:\/\/challenge-cesenatico.com\/it\/#website\"},\"primaryImageOfPage\":{\"@id\":\"https:\/\/challenge-cesenatico.com\/it\/cesenatico\/#primaryimage\"},\"image\":{\"@id\":\"https:\/\/challenge-cesenatico.com\/it\/cesenatico\/#primaryimage\"},\"thumbnailUrl\":\"https:\/\/challenge-cesenatico.com\/wp-content\/uploads\/sites\/48\/2023\/10\/spiaggia-cesenatico.jpg\",\"datePublished\":\"2023-10-19T15:46:20+00:00\",\"dateModified\":\"2023-10-19T15:57:10+00:00\",\"breadcrumb\":{\"@id\":\"https:\/\/challenge-cesenatico.com\/it\/cesenatico\/#breadcrumb\"},\"inLanguage\":\"it-IT\",\"potentialAction\":[{\"@type\":\"ReadAction\",\"target\":[\"https:\/\/challenge-cesenatico.com\/it\/cesenatico\/\"]}]},{\"@type\":\"ImageObject\",\"inLanguage\":\"it-IT\",\"@id\":\"https:\/\/challenge-cesenatico.com\/it\/cesenatico\/#primaryimage\",\"url\":\"https:\/\/challenge-cesenatico.com\/wp-content\/uploads\/sites\/48\/2023\/10\/spiaggia-cesenatico.jpg\",\"contentUrl\":\"https:\/\/challenge-cesenatico.com\/wp-content\/uploads\/sites\/48\/2023\/10\/spiaggia-cesenatico.jpg\",\"width\":1200,\"height\":800},{\"@type\":\"BreadcrumbList\",\"@id\":\"https:\/\/challenge-cesenatico.com\/it\/cesenatico\/#breadcrumb\",\"itemListElement\":[{\"@type\":\"ListItem\",\"position\":1,\"name\":\"Home\",\"item\":\"https:\/\/challenge-cesenatico.com\/it\/\"},{\"@type\":\"ListItem\",\"position\":2,\"name\":\"Cesenatico\"}]},{\"@type\":\"WebSite\",\"@id\":\"https:\/\/challenge-cesenatico.com\/it\/#website\",\"url\":\"https:\/\/challenge-cesenatico.com\/it\/\",\"name\":\"Challenge Cesenatico\",\"description\":\"We are triathlon\",\"potentialAction\":[{\"@type\":\"SearchAction\",\"target\":{\"@type\":\"EntryPoint\",\"urlTemplate\":\"https:\/\/challenge-cesenatico.com\/it\/?s={search_term_string}\"},\"query-input\":{\"@type\":\"PropertyValueSpecification\",\"valueRequired\":true,\"valueName\":\"search_term_string\"}}],\"inLanguage\":\"it-IT\"}]}<\/script>\n<!-- \/ Yoast SEO plugin. -->","yoast_head_json":{"title":"Cesenatico - Challenge Cesenatico","robots":{"index":"index","follow":"follow","max-snippet":"max-snippet:-1","max-image-preview":"max-image-preview:large","max-video-preview":"max-video-preview:-1"},"canonical":"https:\/\/challenge-cesenatico.com\/it\/cesenatico\/","og_locale":"it_IT","og_type":"article","og_title":"Cesenatico - Challenge Cesenatico","og_description":"[vc_row][vc_column][vc_single_image image=&#8221;6566&#8243; img_size=&#8221;full&#8221; title=&#8221;Il borgo marinaro del buon vivere&#8221;][vc_column_text css=&#8221;.vc_custom_1697731022355{margin-bottom: 0px !important;}&#8221;]Cesenatico \u00e8 un caratteristico borgo nel cuore della Riviera romagnola. Una piccola cittadina marinara in cui chiunque pu\u00f2 trovare l\u2019esperienza di viaggio perfetta e godere, per qualche giorno, del piacere di vivere bene. In famiglia, in coppia o da soli tra arte e cultura, [&hellip;]","og_url":"https:\/\/challenge-cesenatico.com\/it\/cesenatico\/","og_site_name":"Challenge Cesenatico","article_modified_time":"2023-10-19T15:57:10+00:00","og_image":[{"width":1200,"height":800,"url":"https:\/\/challenge-cesenatico.com\/wp-content\/uploads\/sites\/48\/2023\/10\/spiaggia-cesenatico.jpg","type":"image\/jpeg"}],"twitter_card":"summary_large_image","twitter_misc":{"Tempo di lettura stimato":"2 minuti"},"schema":{"@context":"https:\/\/schema.org","@graph":[{"@type":"WebPage","@id":"https:\/\/challenge-cesenatico.com\/it\/cesenatico\/","url":"https:\/\/challenge-cesenatico.com\/it\/cesenatico\/","name":"Cesenatico - Challenge Cesenatico","isPartOf":{"@id":"https:\/\/challenge-cesenatico.com\/it\/#website"},"primaryImageOfPage":{"@id":"https:\/\/challenge-cesenatico.com\/it\/cesenatico\/#primaryimage"},"image":{"@id":"https:\/\/challenge-cesenatico.com\/it\/cesenatico\/#primaryimage"},"thumbnailUrl":"https:\/\/challenge-cesenatico.com\/wp-content\/uploads\/sites\/48\/2023\/10\/spiaggia-cesenatico.jpg","datePublished":"2023-10-19T15:46:20+00:00","dateModified":"2023-10-19T15:57:10+00:00","breadcrumb":{"@id":"https:\/\/challenge-cesenatico.com\/it\/cesenatico\/#breadcrumb"},"inLanguage":"it-IT","potentialAction":[{"@type":"ReadAction","target":["https:\/\/challenge-cesenatico.com\/it\/cesenatico\/"]}]},{"@type":"ImageObject","inLanguage":"it-IT","@id":"https:\/\/challenge-cesenatico.com\/it\/cesenatico\/#primaryimage","url":"https:\/\/challenge-cesenatico.com\/wp-content\/uploads\/sites\/48\/2023\/10\/spiaggia-cesenatico.jpg","contentUrl":"https:\/\/challenge-cesenatico.com\/wp-content\/uploads\/sites\/48\/2023\/10\/spiaggia-cesenatico.jpg","width":1200,"height":800},{"@type":"BreadcrumbList","@id":"https:\/\/challenge-cesenatico.com\/it\/cesenatico\/#breadcrumb","itemListElement":[{"@type":"ListItem","position":1,"name":"Home","item":"https:\/\/challenge-cesenatico.com\/it\/"},{"@type":"ListItem","position":2,"name":"Cesenatico"}]},{"@type":"WebSite","@id":"https:\/\/challenge-cesenatico.com\/it\/#website","url":"https:\/\/challenge-cesenatico.com\/it\/","name":"Challenge Cesenatico","description":"We are triathlon","potentialAction":[{"@type":"SearchAction","target":{"@type":"EntryPoint","urlTemplate":"https:\/\/challenge-cesenatico.com\/it\/?s={search_term_string}"},"query-input":{"@type":"PropertyValueSpecification","valueRequired":true,"valueName":"search_term_string"}}],"inLanguage":"it-IT"}]}},"_links":{"self":[{"href":"https:\/\/challenge-cesenatico.com\/it\/wp-json\/wp\/v2\/pages\/6563"}],"collection":[{"href":"https:\/\/challenge-cesenatico.com\/it\/wp-json\/wp\/v2\/pages"}],"about":[{"href":"https:\/\/challenge-cesenatico.com\/it\/wp-json\/wp\/v2\/types\/page"}],"author":[{"embeddable":true,"href":"https:\/\/challenge-cesenatico.com\/it\/wp-json\/wp\/v2\/users\/122"}],"replies":[{"embeddable":true,"href":"https:\/\/challenge-cesenatico.com\/it\/wp-json\/wp\/v2\/comments?post=6563"}],"version-history":[{"count":12,"href":"https:\/\/challenge-cesenatico.com\/it\/wp-json\/wp\/v2\/pages\/6563\/revisions"}],"predecessor-version":[{"id":6600,"href":"https:\/\/challenge-cesenatico.com\/it\/wp-json\/wp\/v2\/pages\/6563\/revisions\/6600"}],"wp:featuredmedia":[{"embeddable":true,"href":"https:\/\/challenge-cesenatico.com\/it\/wp-json\/wp\/v2\/media\/6580"}],"wp:attachment":[{"href":"https:\/\/challenge-cesenatico.com\/it\/wp-json\/wp\/v2\/media?parent=6563"}],"curies":[{"name":"wp","href":"https:\/\/api.w.org\/{rel}","templated":true}]}}