{"id":1332,"date":"2021-08-01T13:59:08","date_gmt":"2021-08-01T13:59:08","guid":{"rendered":"https:\/\/www.challenge-family.com\/riccione\/rules-and-regulations\/"},"modified":"2026-03-07T13:14:42","modified_gmt":"2026-03-07T13:14:42","slug":"regolamento-challenge-riccione","status":"publish","type":"page","link":"https:\/\/challenge-cesenatico.com\/it\/regolamento-challenge-riccione\/","title":{"rendered":"Regolamento di Challenge Cesenatico"},"content":{"rendered":"<h3>Challenge Cesenatico si svolger\u00e0 seguendo il Regolamento Tecnico e la Circolare Gare della F.I.Tri e le norme di Challenge Cesenatico 2026.<\/h3>\n<ul>\n<li class=\"li1\"><span class=\"s2\">Le distanze di gara saranno le seguenti: 1,9 km per il nuoto, 90 km di ciclismo e 21,1 km di corsa.<\/span><\/li>\n<li class=\"li1\"><span class=\"s2\">I concorrenti dovranno osservare per tutta la durata della gara le indicazioni sia dei giudici di gara, che degli agenti di polizia, nonch\u00e9 attenersi al Codice della Strada.<\/span><\/li>\n<li class=\"li1\"><span class=\"s2\">Chiunque non osservi le suddette regolamentazioni e istruzioni verr\u00e0 squalificato dalla competizione a cura dei Giudici di Gara, potr\u00e0 ugualmente terminare la prova per avvalersi della facolt\u00e0 di fare ricorso alla Giuria d\u2019Appello, motivando le proprie rimostranze, seguendo la procedura ufficiale di ricorso.<\/span><\/li>\n<li class=\"li1\"><span class=\"s2\">Siete pregati di rispettare sempre tutti i Regolamenti e le Norme durante l\u2019intero percorso, rispettando le indicazioni degli addetti allo stesso, dei Giudici e degli Organi di Polizia. Infatti, ancorch\u00e9 i percorsi siano chiusi al traffico veicolare, tenete presente che potrebbero transitare i residenti, i veicoli d\u2019emergenza e altre vetture legate all\u2019evento, per cui le norme stradali dovranno essere seguite costantemente lungo tutto il percorso; vige la regola della mano destra.<\/span><\/li>\n<li class=\"li1\"><span class=\"s2\">Challenge Cesenatico \u00e8 un Evento su invito, e gli organizzatori possono rifiutare la partecipazione a qualsiasi concorrente, per qualunque motivo, ed a propria discrezione, senza fornire spiegazione.<\/span><\/li>\n<li class=\"li1\"><span class=\"s2\">Nessun variazione sar\u00e0 consentita oltre il 28 Aprile 2026.<\/span><\/li>\n<li class=\"li1\"><span class=\"s2\">Non \u00e8 permessa inoltre nessuna modifica dei team dopo il 28 Aprile 2026.<\/span><\/li>\n<li class=\"li1\"><span class=\"s2\">Per prendere parte a Challenge Cesenatico \u00e8 necessario essere tesserati per una Federazione Nazionale di Triathlon ed essere nati nel 2006 e precedenti <\/span><\/li>\n<li class=\"li1\"><span class=\"s2\">Il team medico della manifestazione avr\u00e0 l\u2019ultima parola in merito all\u2019idoneit\u00e0 di un concorrente di proseguire o meno la competizione.<\/span><\/li>\n<li class=\"li1\"><span class=\"s2\">E\u2019 vietato l\u2019utilizzo di sostanze in grado di migliorare la prestazione, attenuare il senso di fatica o per qualsiasi altro scopo. Verranno effettuati test antidoping.<\/span><\/li>\n<li class=\"li1\"><span class=\"s2\">E\u2019 fondamentale che tutti i concorrenti osservino un comportamento corretto e abbiano un atteggiamento sportivo, rivolgendosi con cortesia e rispetto verso gli altri concorrenti, organizzatori, volontari e collaboratori, pena l\u2019esclusione dalla gara in qualsiasi momento: prima, durante o dopo la manifestazione.<\/span><\/li>\n<li class=\"li1\"><span class=\"s2\">Se un concorrente si ritira dalla competizione, deve informare immediatamente i giudici di gara del suo ritiro. In mancanza di questa procedura, nel momento in cui sar\u00e0 messa in moto la prassi per il soccorso e l\u2019atleta verr\u00e0 invece trovato in hotel o comunque in situazione di sicurezza, quest\u2019ultimo dovr\u00e0 coprire tutti i costi che le attivit\u00e0 di soccorso avranno prodotto.<\/span><\/li>\n<li class=\"li1\"><span class=\"s2\">Challenge Cesenatico si riserva il diritto di modificare le regole, i regolamenti, il programma e i luoghi dell\u2019evento in qualsiasi momento. Gli atleti verranno informati dei cambiamenti prima dell\u2019evento o diversamente nel caso in cui il suddetto cambiamento sia fatto nell\u2019interesse della sicurezza del concorrente.<\/span><\/li>\n<li class=\"li1\"><span class=\"s2\">E\u2019 vietato l\u2019uso di cuffie e auricolari durante le fasi di gara, pena la squalifica.<\/span><\/li>\n<li class=\"li1\"><span class=\"s2\">E\u2019 vietato gareggiare a torso nudo. Ogni concorrente deve avere familiarit\u00e0 con l\u2019intero percorso ed \u00e8 sua responsabilit\u00e0 riconoscere e seguire il percorso corretto.<\/span><\/li>\n<li class=\"li1\"><span class=\"s2\">Eventuali reclami dovranno essere presentati dall\u2019atleta al Giudice Arbitro secondo quanto previsto dalla Federazione Italiana di Triathlon.<\/span><\/li>\n<li class=\"li1\"><span class=\"s2\">In caso di maltempo, Challenge Cesenatico si riserva il diritto di convertire l\u2019evento allo stato di duathlon nell\u2019interesse della sicurezza del concorrente; in questo caso non verr\u00e0 rimborsata nessuna quota di iscrizione ai concorrenti.<\/span><\/li>\n<li class=\"li1\"><span class=\"s2\">Challenge Cesenatico pu\u00f2 testare, a propria discrezione qualsiasi atleta per l\u2019uso di una sostanza vietata. Un test positivo comporter\u00e0 la squalifica.<\/span><\/li>\n<li class=\"li1\"><span class=\"s2\">I Premi non saranno consegnati fino a quando tutti i risultati dei test antidoping non siano stati confermati. Il Montepremi sar\u00e0 cos\u00ec suddiviso:<br \/>\n1) Euro 5.000,00<br \/>\n2) Euro 2.900,00<br \/>\n3) Euro 1.900,00<br \/>\n4) Euro 1.200,00<br \/>\n5) Euro 900,00<br \/>\n6) Euro 600,00<br \/>\n<\/span><\/li>\n<li class=\"li1\"><span class=\"s2\">Il premio in denaro si riferisce solamente alla prova individuale maschile e femminile.<\/span><\/li>\n<li class=\"li1\"><span class=\"s2\">I premi saranno conferiti in base alla posizione nella classifica generale.<\/span><\/li>\n<li class=\"li1\"><span class=\"s2\">I premi in denaro sono soggetti alla normativa fiscale italiana. Le spese bancarie sono a carico di ciascun concorrente.<\/span><\/li>\n<li class=\"li1\"><span class=\"s2\">Verranno premiati i primi 3 di ogni categoria Age Group. Le categorie sono cos\u00ec suddivise: 20-24, 25-29, 30-34, 35-39, 40-44, 45-49, 50-54, 55-59, 60-64, 65-69, 70+ .<\/span><\/li>\n<li class=\"li1\"><span class=\"s2\">Potranno prendere parte all\u2019evento gli atleti nati a partire dal 2006 ed anni precedenti<\/span><\/li>\n<li class=\"li1\"><span class=\"s2\">I numeri di gara che vengono forniti devono essere visibili in qualsiasi momento durante la gara.<\/span><\/li>\n<li class=\"li1\"><span class=\"s2\">Tutti gli atleti devono iscriversi nei tempi definiti e partecipare al briefing di gara.<\/span><\/li>\n<li class=\"li1\"><span class=\"s2\">Tutte gli atleti ed i team devono sistemare le biciclette durante i tempi indicati \u2013 non ci saranno eccezioni a questa regola.<\/span><\/li>\n<\/ul>\n<h3>Regolamento nuoto<\/h3>\n<ul>\n<li class=\"li1\"><span class=\"s2\">L\u2019organizzatore fornir\u00e0 la cuffia di gara. L\u2019uso della muta sar\u00e0 regolamentato in base alla temperatura dell\u2019acqua ed alle condizioni di sicurezza. Non sono consentite pinne, boccagli, pagaie, dispositivi di galleggiamento di qualsiasi tipo.<\/span><\/li>\n<li class=\"li1\"><span class=\"s2\">E\u2019 permesso l\u2019utilizzo di occhiali o maschere da nuoto. Qualsiasi aiuto richiesto durante la nuotata pu\u00f2 portare alla squalifica.<\/span><\/li>\n<li class=\"li1\"><span class=\"s2\">Tempo massimo per concludere la frazione di nuoto: 1h15\u2032. Durante il riscaldamento sul campo di gara prima della competizione \u00e8 necessario indossare cuffie colorate per garantire ai concorrenti la massima incolumit\u00e0.<\/span><\/li>\n<li class=\"li1\"><span class=\"s2\">Chiunque venga visto nuotare senza cuffie colorate potr\u00e0 incorrere alla squalifica.<\/span><\/li>\n<li class=\"li1\"><span class=\"s2\">Gli organizzatori si riservano il diritto di modificare il tragitto della gara di nuoto, la distanza della gara o annullare la frazione, tenendo conto delle condizioni climatiche e di temperatura dell\u2019acqua.<\/span><\/li>\n<\/ul>\n<h3>Regolamento ciclismo<\/h3>\n<ul>\n<li class=\"li1\"><span class=\"s2\">Non \u00e8 permesso seguire l\u2019avversario sfruttando la sua scia; il drafting non \u00e8 consentito.<\/span><\/li>\n<li class=\"li1\"><span class=\"s2\">La draft zone \u00e8 misurata come l\u2019area di un rettangolo lungo 12 metri a partire dal margine anteriore della bicicletta in testa e il margine anteriore della bicicletta che segue.<\/span><\/li>\n<\/ul>\n<p><img loading=\"lazy\" decoding=\"async\" class=\"size-full wp-image-1335 alignnone\" src=\"https:\/\/challenge-cesenatico.com\/wp-content\/uploads\/sites\/48\/2022\/01\/distanza-bici.png\" alt=\"\" width=\"349\" height=\"90\" srcset=\"https:\/\/challenge-cesenatico.com\/wp-content\/uploads\/sites\/48\/2022\/01\/distanza-bici.png 349w, https:\/\/challenge-cesenatico.com\/wp-content\/uploads\/sites\/48\/2022\/01\/distanza-bici-300x77.png 300w\" sizes=\"(max-width: 349px) 100vw, 349px\" \/><\/p>\n<ul>\n<li class=\"li1\"><span class=\"s2\">Gli atleti dispongono di 25 secondi per attraversare questa zona. Allo stesso modo, dopo che un dato atleta ha effettuato il sorpasso, si avr\u00e0 tempo 5 secondi per uscire dalla zona e rimanere indietro.<\/span><\/li>\n<li class=\"li1\"><span class=\"s2\">I numeri di gara non devono essere modificati nelle dimensioni o nell\u2019aspetto, e devono essere indossati sul retro durante la gara.<br \/>\nSono accettati solo caschi omologati.<\/span><\/li>\n<li class=\"li1\"><span class=\"s2\">I Caschi devono essere ben allacciati prima di rimuovere la bicicletta dal porta biciclette e viceversa devono rimanere allacciati fino a quando il ciclista non \u00e8 sceso dalla bici rimettendola sul proprio porta biciclette.<\/span><\/li>\n<li class=\"li1\"><span class=\"s2\">Nessun aiuto \u00e8 consentito.<\/span><\/li>\n<li class=\"li1\"><span class=\"s2\">Il percorso ciclistico \u00e8 chiuso ai sostenitori e nessun concorrente pu\u00f2 chiedere o ricevere aiuto esterno da spettatori, membri del pubblico o qualsiasi altro terzo.<\/span><\/li>\n<li class=\"li1\"><span class=\"s2\">Ogni partecipante \u00e8 responsabile dello stato o della riparazione della sua bicicletta. Le biciclette devono essere sottoposte a manutenzione e devono essere in condizioni di sicurezza e conformit\u00e0 alla normativa tecnica.<\/span><\/li>\n<li class=\"li1\"><span class=\"s2\">L\u2019assistenza da parte di soggetti diversi da personale di supporto tecnico ufficiale sar\u00e0 motivo di squalifica immediata. Questo respinge l\u2019uso di ruote e biciclette di scorta e richiede che ogni concorrente debba essere pronto a gestire eventuali malfunzionamenti meccanici.<\/span><\/li>\n<li class=\"li1\"><span class=\"s2\">Tutte le biciclette devono essere sottoposte a controllo obbligatorio da parte del supporto tecnico ufficiale della gara o al momento del check-in. Solo le biciclette passate al controllo potranno essere ammesse.<\/span><\/li>\n<li class=\"li1\"><span class=\"s2\">I ciclisti sono tenuti ad ascoltare le indicazioni e le istruzioni di tutti i funzionari di gara e delle autorit\u00e0 pubbliche.<\/span><\/li>\n<li class=\"li1\"><span class=\"s2\">I partecipanti potranno se necessario procedere a piedi con le loro biciclette.<\/span><\/li>\n<li class=\"li1\"><span class=\"s2\">I concorrenti devono mantenere la destra pi\u00f9 che possono e lasciar passare gli altri a sinistra rispettando tutte le leggi sul traffico, la normativa stradale e le istruzioni dei giudici di gara e della Polizia.<\/span><\/li>\n<li class=\"li1\"><span class=\"s2\">La penalit\u00e0 per il drafting, guida pericolosa o comportamento antisportivo consister\u00e0 in 5\u2032 \u00a0di STOP\u00a0da scontare al primo penalty box successivo alla penalit\u00e0 ricevuta.\u00a0Una seconda penalit\u00e0 si tradurr\u00e0 in ulteriori 5\u2032 di STOP.<\/span><\/li>\n<li class=\"li1\"><span class=\"s2\">Il percorso ciclistico si chiuder\u00e0 per tutti i concorrenti alle ore 14.30.<\/span><\/li>\n<li class=\"li1\"><span class=\"s2\">Gli organizzatori si riservano il diritto di squalificare coloro che non completano la fase in bici entro questo tempo limite.<\/span><\/li>\n<li class=\"li1\"><span class=\"s2\">Gli organizzatori si riservano il diritto modificare il tragitto in bicicletta o la distanza del percorso ciclistico tenendo conto delle condizioni meteorologiche e del tragitto.<\/span><\/li>\n<\/ul>\n<h3>Regolamento corsa<\/h3>\n<ul>\n<li class=\"li1\"><span class=\"s2\">I concorrenti non devono alterare le dimensioni o l\u2019aspetto del numero di gara, e devono portarlo in modo chiaro e visibile sulla parte anteriore.<\/span><\/li>\n<li class=\"li1\"><span class=\"s2\">I concorrenti pi\u00f9 lenti devono tenere la destra per permettere agli altri concorrenti di sorpassare a sinistra. I corridori devono sempre rimanere all\u2019interno dei coni e della barriera spartitraffico.<\/span><\/li>\n<li class=\"li1\"><span class=\"s2\">I corridori che oltrepassano i coni e lo spartitraffico saranno immediatamente squalificati.<\/span><\/li>\n<li class=\"li1\"><span class=\"s2\">Non \u00e8 ammesso nessun veicolo di sostegno individuale, nessuna scorta esterna alla gara e nessun ciclista al seguito.<\/span><\/li>\n<li class=\"li1\"><span class=\"s2\">Amici, familiari, allenatori o sostenitori di qualsiasi tipo non possono avvicinarsi al concorrente in bicicletta o con altro mezzo, non possono passare cibo o altri oggetti ai concorrenti per evitarne la squalifica.<\/span><\/li>\n<li class=\"li1\"><span class=\"s2\">Gli atleti, in prossimit\u00e0 dei ristori, dovranno gettare bicchieri, gel, ecc. all\u2019interno dell\u2019area delimitata da appositi cartelli<\/span><\/li>\n<li class=\"li1\"><span class=\"s2\">I corridori sono tenuti a seguire le indicazioni e le istruzioni di tutti i giudici di gara e delle autorit\u00e0 pubbliche.<\/span><\/li>\n<li class=\"li1\"><span class=\"s2\">L\u2019aiuto da parte di persone esterne \u00e8 vietato: la portata e la natura delle sanzioni per tale reato sono a discrezione del Direttore di Gara e dell\u2019arbitro di gara.<\/span><\/li>\n<li class=\"li1\"><span class=\"s2\">I concorrenti devono rispettare la legislazione inerente al traffico, la normativa stradale e le comunicazioni dei funzionari di gara e della Polizia.<\/span><\/li>\n<li class=\"li1\"><span class=\"s2\">La corsa si chiude per tutti i concorrenti alle ore 17.30.<\/span><\/li>\n<li class=\"li1\"><span class=\"s2\">Gli organizzatori si riservano il diritto di squalificare i concorrenti che non completano la gara entro questo limite di tempo.<\/span><\/li>\n<li class=\"li1\"><span class=\"s2\">Gli organizzatori si riservano il diritto di modificare il tragitto o la distanza della gara tenendo conto delle condizioni meteorologiche e del tragitto.<\/span><\/li>\n<\/ul>\n","protected":false},"excerpt":{"rendered":"<p>Challenge Cesenatico si svolger\u00e0 seguendo il Regolamento Tecnico e la Circolare Gare della F.I.Tri e le norme di Challenge Cesenatico 2026. Le distanze di gara saranno le seguenti: 1,9 km per il nuoto, 90 km di ciclismo e 21,1 km di corsa. I concorrenti dovranno osservare per tutta la durata della gara le indicazioni sia [&hellip;]<\/p>\n","protected":false},"author":122,"featured_media":7392,"parent":0,"menu_order":0,"comment_status":"closed","ping_status":"closed","template":"","meta":{"footnotes":""},"class_list":["post-1332","page","type-page","status-publish","has-post-thumbnail","hentry"],"yoast_head":"<!-- This site is optimized with the Yoast SEO plugin v25.6 - https:\/\/yoast.com\/wordpress\/plugins\/seo\/ -->\n<title>Regolamento di Challenge Cesenatico - Challenge Cesenatico<\/title>\n<meta name=\"robots\" content=\"index, follow, max-snippet:-1, max-image-preview:large, max-video-preview:-1\" \/>\n<link rel=\"canonical\" href=\"https:\/\/challenge-cesenatico.com\/it\/regolamento-challenge-riccione\/\" \/>\n<meta property=\"og:locale\" content=\"it_IT\" \/>\n<meta property=\"og:type\" content=\"article\" \/>\n<meta property=\"og:title\" content=\"Regolamento di Challenge Cesenatico - Challenge Cesenatico\" \/>\n<meta property=\"og:description\" content=\"Challenge Cesenatico si svolger\u00e0 seguendo il Regolamento Tecnico e la Circolare Gare della F.I.Tri e le norme di Challenge Cesenatico 2026. Le distanze di gara saranno le seguenti: 1,9 km per il nuoto, 90 km di ciclismo e 21,1 km di corsa. I concorrenti dovranno osservare per tutta la durata della gara le indicazioni sia [&hellip;]\" \/>\n<meta property=\"og:url\" content=\"https:\/\/challenge-cesenatico.com\/it\/regolamento-challenge-riccione\/\" \/>\n<meta property=\"og:site_name\" content=\"Challenge Cesenatico\" \/>\n<meta property=\"article:modified_time\" content=\"2026-03-07T13:14:42+00:00\" \/>\n<meta property=\"og:image\" content=\"https:\/\/challenge-cesenatico.com\/wp-content\/uploads\/sites\/48\/2025\/04\/challenge-cesenatico_stacked_rgb_ondark-e1743613423832.jpg\" \/>\n\t<meta property=\"og:image:width\" content=\"1200\" \/>\n\t<meta property=\"og:image:height\" content=\"846\" \/>\n\t<meta property=\"og:image:type\" content=\"image\/jpeg\" \/>\n<meta name=\"twitter:card\" content=\"summary_large_image\" \/>\n<meta name=\"twitter:label1\" content=\"Tempo di lettura stimato\" \/>\n\t<meta name=\"twitter:data1\" content=\"8 minuti\" \/>\n<script type=\"application\/ld+json\" class=\"yoast-schema-graph\">{\"@context\":\"https:\/\/schema.org\",\"@graph\":[{\"@type\":\"WebPage\",\"@id\":\"https:\/\/challenge-cesenatico.com\/it\/regolamento-challenge-riccione\/\",\"url\":\"https:\/\/challenge-cesenatico.com\/it\/regolamento-challenge-riccione\/\",\"name\":\"Regolamento di Challenge Cesenatico - Challenge Cesenatico\",\"isPartOf\":{\"@id\":\"https:\/\/challenge-cesenatico.com\/#website\"},\"primaryImageOfPage\":{\"@id\":\"https:\/\/challenge-cesenatico.com\/it\/regolamento-challenge-riccione\/#primaryimage\"},\"image\":{\"@id\":\"https:\/\/challenge-cesenatico.com\/it\/regolamento-challenge-riccione\/#primaryimage\"},\"thumbnailUrl\":\"https:\/\/challenge-cesenatico.com\/wp-content\/uploads\/sites\/48\/2025\/04\/challenge-cesenatico_stacked_rgb_ondark-e1743613423832.jpg\",\"datePublished\":\"2021-08-01T13:59:08+00:00\",\"dateModified\":\"2026-03-07T13:14:42+00:00\",\"breadcrumb\":{\"@id\":\"https:\/\/challenge-cesenatico.com\/it\/regolamento-challenge-riccione\/#breadcrumb\"},\"inLanguage\":\"it-IT\",\"potentialAction\":[{\"@type\":\"ReadAction\",\"target\":[\"https:\/\/challenge-cesenatico.com\/it\/regolamento-challenge-riccione\/\"]}]},{\"@type\":\"ImageObject\",\"inLanguage\":\"it-IT\",\"@id\":\"https:\/\/challenge-cesenatico.com\/it\/regolamento-challenge-riccione\/#primaryimage\",\"url\":\"https:\/\/challenge-cesenatico.com\/wp-content\/uploads\/sites\/48\/2025\/04\/challenge-cesenatico_stacked_rgb_ondark-e1743613423832.jpg\",\"contentUrl\":\"https:\/\/challenge-cesenatico.com\/wp-content\/uploads\/sites\/48\/2025\/04\/challenge-cesenatico_stacked_rgb_ondark-e1743613423832.jpg\",\"width\":1200,\"height\":846},{\"@type\":\"BreadcrumbList\",\"@id\":\"https:\/\/challenge-cesenatico.com\/it\/regolamento-challenge-riccione\/#breadcrumb\",\"itemListElement\":[{\"@type\":\"ListItem\",\"position\":1,\"name\":\"Home\",\"item\":\"https:\/\/challenge-cesenatico.com\/it\/\"},{\"@type\":\"ListItem\",\"position\":2,\"name\":\"Regolamento di Challenge Cesenatico\"}]},{\"@type\":\"WebSite\",\"@id\":\"https:\/\/challenge-cesenatico.com\/#website\",\"url\":\"https:\/\/challenge-cesenatico.com\/\",\"name\":\"Challenge Cesenatico\",\"description\":\"We are triathlon\",\"potentialAction\":[{\"@type\":\"SearchAction\",\"target\":{\"@type\":\"EntryPoint\",\"urlTemplate\":\"https:\/\/challenge-cesenatico.com\/?s={search_term_string}\"},\"query-input\":{\"@type\":\"PropertyValueSpecification\",\"valueRequired\":true,\"valueName\":\"search_term_string\"}}],\"inLanguage\":\"it-IT\"}]}<\/script>\n<!-- \/ Yoast SEO plugin. -->","yoast_head_json":{"title":"Regolamento di Challenge Cesenatico - Challenge Cesenatico","robots":{"index":"index","follow":"follow","max-snippet":"max-snippet:-1","max-image-preview":"max-image-preview:large","max-video-preview":"max-video-preview:-1"},"canonical":"https:\/\/challenge-cesenatico.com\/it\/regolamento-challenge-riccione\/","og_locale":"it_IT","og_type":"article","og_title":"Regolamento di Challenge Cesenatico - Challenge Cesenatico","og_description":"Challenge Cesenatico si svolger\u00e0 seguendo il Regolamento Tecnico e la Circolare Gare della F.I.Tri e le norme di Challenge Cesenatico 2026. Le distanze di gara saranno le seguenti: 1,9 km per il nuoto, 90 km di ciclismo e 21,1 km di corsa. I concorrenti dovranno osservare per tutta la durata della gara le indicazioni sia [&hellip;]","og_url":"https:\/\/challenge-cesenatico.com\/it\/regolamento-challenge-riccione\/","og_site_name":"Challenge Cesenatico","article_modified_time":"2026-03-07T13:14:42+00:00","og_image":[{"width":1200,"height":846,"url":"https:\/\/challenge-cesenatico.com\/wp-content\/uploads\/sites\/48\/2025\/04\/challenge-cesenatico_stacked_rgb_ondark-e1743613423832.jpg","type":"image\/jpeg"}],"twitter_card":"summary_large_image","twitter_misc":{"Tempo di lettura stimato":"8 minuti"},"schema":{"@context":"https:\/\/schema.org","@graph":[{"@type":"WebPage","@id":"https:\/\/challenge-cesenatico.com\/it\/regolamento-challenge-riccione\/","url":"https:\/\/challenge-cesenatico.com\/it\/regolamento-challenge-riccione\/","name":"Regolamento di Challenge Cesenatico - Challenge Cesenatico","isPartOf":{"@id":"https:\/\/challenge-cesenatico.com\/#website"},"primaryImageOfPage":{"@id":"https:\/\/challenge-cesenatico.com\/it\/regolamento-challenge-riccione\/#primaryimage"},"image":{"@id":"https:\/\/challenge-cesenatico.com\/it\/regolamento-challenge-riccione\/#primaryimage"},"thumbnailUrl":"https:\/\/challenge-cesenatico.com\/wp-content\/uploads\/sites\/48\/2025\/04\/challenge-cesenatico_stacked_rgb_ondark-e1743613423832.jpg","datePublished":"2021-08-01T13:59:08+00:00","dateModified":"2026-03-07T13:14:42+00:00","breadcrumb":{"@id":"https:\/\/challenge-cesenatico.com\/it\/regolamento-challenge-riccione\/#breadcrumb"},"inLanguage":"it-IT","potentialAction":[{"@type":"ReadAction","target":["https:\/\/challenge-cesenatico.com\/it\/regolamento-challenge-riccione\/"]}]},{"@type":"ImageObject","inLanguage":"it-IT","@id":"https:\/\/challenge-cesenatico.com\/it\/regolamento-challenge-riccione\/#primaryimage","url":"https:\/\/challenge-cesenatico.com\/wp-content\/uploads\/sites\/48\/2025\/04\/challenge-cesenatico_stacked_rgb_ondark-e1743613423832.jpg","contentUrl":"https:\/\/challenge-cesenatico.com\/wp-content\/uploads\/sites\/48\/2025\/04\/challenge-cesenatico_stacked_rgb_ondark-e1743613423832.jpg","width":1200,"height":846},{"@type":"BreadcrumbList","@id":"https:\/\/challenge-cesenatico.com\/it\/regolamento-challenge-riccione\/#breadcrumb","itemListElement":[{"@type":"ListItem","position":1,"name":"Home","item":"https:\/\/challenge-cesenatico.com\/it\/"},{"@type":"ListItem","position":2,"name":"Regolamento di Challenge Cesenatico"}]},{"@type":"WebSite","@id":"https:\/\/challenge-cesenatico.com\/#website","url":"https:\/\/challenge-cesenatico.com\/","name":"Challenge Cesenatico","description":"We are triathlon","potentialAction":[{"@type":"SearchAction","target":{"@type":"EntryPoint","urlTemplate":"https:\/\/challenge-cesenatico.com\/?s={search_term_string}"},"query-input":{"@type":"PropertyValueSpecification","valueRequired":true,"valueName":"search_term_string"}}],"inLanguage":"it-IT"}]}},"_links":{"self":[{"href":"https:\/\/challenge-cesenatico.com\/it\/wp-json\/wp\/v2\/pages\/1332"}],"collection":[{"href":"https:\/\/challenge-cesenatico.com\/it\/wp-json\/wp\/v2\/pages"}],"about":[{"href":"https:\/\/challenge-cesenatico.com\/it\/wp-json\/wp\/v2\/types\/page"}],"author":[{"embeddable":true,"href":"https:\/\/challenge-cesenatico.com\/it\/wp-json\/wp\/v2\/users\/122"}],"replies":[{"embeddable":true,"href":"https:\/\/challenge-cesenatico.com\/it\/wp-json\/wp\/v2\/comments?post=1332"}],"version-history":[{"count":18,"href":"https:\/\/challenge-cesenatico.com\/it\/wp-json\/wp\/v2\/pages\/1332\/revisions"}],"predecessor-version":[{"id":8003,"href":"https:\/\/challenge-cesenatico.com\/it\/wp-json\/wp\/v2\/pages\/1332\/revisions\/8003"}],"wp:featuredmedia":[{"embeddable":true,"href":"https:\/\/challenge-cesenatico.com\/it\/wp-json\/wp\/v2\/media\/7392"}],"wp:attachment":[{"href":"https:\/\/challenge-cesenatico.com\/it\/wp-json\/wp\/v2\/media?parent=1332"}],"curies":[{"name":"wp","href":"https:\/\/api.w.org\/{rel}","templated":true}]}}