{"id":1292,"date":"2017-12-07T17:31:15","date_gmt":"2017-12-07T16:31:15","guid":{"rendered":"https:\/\/www.challenge-family.com\/riccione\/triathlon-sprint\/"},"modified":"2026-02-17T11:10:14","modified_gmt":"2026-02-17T11:10:14","slug":"triathlon-sprint","status":"publish","type":"page","link":"https:\/\/challenge-cesenatico.com\/it\/triathlon-sprint\/","title":{"rendered":"Triathlon Sprint"},"content":{"rendered":"<div class=\"wpb-content-wrapper\">[vc_row][vc_column][vc_single_image image=&#8221;7266&#8243; img_size=&#8221;full&#8221; css=&#8221;&#8221;][vc_column_text css=&#8221;.vc_custom_1771326611476{margin-bottom: 0px !important;}&#8221;]\n<h2>Triathlon Sprint &#8220;Citt\u00e0 di Cesenatico&#8221;<\/h2>\n<h3>SABATO 09 MAGGIO 2026<\/h3>\n<p>Il\u00a0 3\u00b0 Triathlon Sprint Citt\u00e0 di Cesenatico \u00a0sar\u00e0 pi\u00f9 che una gara di contorno di Challenge Cesenatico.<br \/>\nLa gara sar\u00e0 draft legal; sono vietate le biciclette da cronometro, gravel e city bike.<br \/>\nPer prendere parte al 3\u00b0 Triathlon Sprint Citt\u00e0 di Cesenatico \u00e8 necessario essere tesserati per una Federazione Nazionale di Triathlon. In caso contrario \u00e8 possibile effettuare, ai sensi di quanto previsto in materia dalla FITRI e presentando un certificato medico agonistico per il triathlon valido al momento della competizione, un tesseramento giornaliero al costo di <strong>20,00 Euro<\/strong> seguendo quanto previsto al seguente link: <a href=\"https:\/\/www.myfitri.it\/evento\/3920\">https:\/\/www.myfitri.it\/evento\/3920<\/a><\/p>\n<p><strong>Cosa serve per perfezionare il tesseramento giornaliero?<\/strong><\/p>\n<p>&#8211; Il certificato medico agonistico per il triathlon rilasciato<br \/>\n&#8211; Copia del pagamento alla Federazione Italiana Triathlon alle coordinate indicate su www.myfitri.it<\/p>\n<p>Una volta perfezionato il tesseramento giornaliero, FITRI fornir\u00e0 un numero di tesseramento giornaliero che potr\u00e0 essere utilizzato nel processo di registrazione a Challenge Cesenatico 2026.<br \/>\nChi si fosse iscritto prima del 25.01.2026 ed avesse gi\u00e0 perfezionato l\u2019acquisto del tesseramento giornaliero durante la registrazione, dovr\u00e0 presentare al ritiro del pacco gara il certificato medico agonistico per il Triathlon e compilare la <a href=\"https:\/\/challenge-cesenatico.com\/wp-content\/uploads\/sites\/48\/2024\/06\/scheda-tesseramento-giornaliero.pdf\">Scheda di Tesseramento Giornaliero<\/a>.<br \/>\nIl certificato medico agonistico per il triathlon andr\u00e0 anticipato a mezzo email all\u2019indirizzo <a href=\"mailto:romina@challenge-cesenatico.it\">romina@challenge-cesenatico.it<\/a> o caricato direttamente sul portale Active nell\u2019apposita sezione e presentato in originale al ritiro del pacco gara unitamente alla <a href=\"https:\/\/challenge-cesenatico.com\/wp-content\/uploads\/sites\/48\/2024\/06\/scheda-tesseramento-giornaliero.pdf\">Scheda di Tesseramento Giornaliero<\/a> compilata e firmata in ogni sua parte.<\/p>\n<p>Il costo del tesseramento giornaliero andr\u00e0 aggiunto alla seguente quota di iscrizione:<\/p>\n<p>Youth B (2009 &#8211; 2010): 8 Euro<br \/>\nJunior (2007 &#8211; 2008): 15 Euro<br \/>\nS1 (2002 \u2013 2006): 25 Euro<br \/>\nS2 ed oltre: 60 Euro<\/p>\n<p><a href=\"https:\/\/challenge-cesenatico.com\/it\/percorsi-triathlon-sprint-citta-di-cesenatico\/\">&gt; DESCRIZIONE DEI PERCORSI E FILE GPX<\/a>[\/vc_column_text][mk_button dimension=&#8221;flat&#8221; size=&#8221;large&#8221; url=&#8221;https:\/\/endurancecui.active.com\/new\/events\/95061607\/select-race?_p=4335543432195941&#8243; bg_color=&#8221;#dd0000&#8243;]Iscriviti al Triathlon Sprint[\/mk_button][\/vc_column][\/vc_row][vc_row][vc_column][vc_separator css=&#8221;&#8221;][vc_row_inner][vc_column_inner width=&#8221;1\/3&#8243;][vc_column_text css=&#8221;.vc_custom_1769460446115{margin-bottom: 0px !important;}&#8221;]\n<h3><strong>SWIM 750mt<\/strong><\/h3>\n[\/vc_column_text][vc_single_image image=&#8221;7871&#8243; img_size=&#8221;medium&#8221; onclick=&#8221;link_image&#8221; css=&#8221;&#8221;][\/vc_column_inner][vc_column_inner width=&#8221;1\/3&#8243;][vc_column_text css=&#8221;.vc_custom_1769460481537{margin-bottom: 0px !important;}&#8221;]\n<h3><strong>BIKE 20km<\/strong><\/h3>\n[\/vc_column_text][vc_single_image image=&#8221;7867&#8243; img_size=&#8221;medium&#8221; onclick=&#8221;link_image&#8221; css=&#8221;&#8221;][\/vc_column_inner][vc_column_inner width=&#8221;1\/3&#8243;][vc_column_text css=&#8221;.vc_custom_1769460535664{margin-bottom: 0px !important;}&#8221;]\n<h3><strong>RUN 5km<\/strong><\/h3>\n[\/vc_column_text][vc_single_image image=&#8221;7869&#8243; img_size=&#8221;medium&#8221; onclick=&#8221;link_image&#8221; css=&#8221;&#8221;][\/vc_column_inner][\/vc_row_inner][\/vc_column][\/vc_row]\n<\/div>","protected":false},"excerpt":{"rendered":"<p>[vc_row][vc_column][vc_single_image image=&#8221;7266&#8243; img_size=&#8221;full&#8221; css=&#8221;&#8221;][vc_column_text css=&#8221;.vc_custom_1771326611476{margin-bottom: 0px !important;}&#8221;] Triathlon Sprint &#8220;Citt\u00e0 di Cesenatico&#8221; SABATO 09 MAGGIO 2026 Il\u00a0 3\u00b0 Triathlon Sprint Citt\u00e0 di Cesenatico \u00a0sar\u00e0 pi\u00f9 che una gara di contorno di Challenge Cesenatico. La gara sar\u00e0 draft legal; sono vietate le biciclette da cronometro, gravel e city bike. Per prendere parte al 3\u00b0 Triathlon Sprint [&hellip;]<\/p>\n","protected":false},"author":5,"featured_media":0,"parent":0,"menu_order":0,"comment_status":"closed","ping_status":"closed","template":"","meta":{"footnotes":""},"class_list":["post-1292","page","type-page","status-publish","hentry"],"yoast_head":"<!-- This site is optimized with the Yoast SEO plugin v25.6 - https:\/\/yoast.com\/wordpress\/plugins\/seo\/ -->\n<title>Triathlon Sprint - Challenge Cesenatico<\/title>\n<meta name=\"robots\" content=\"index, follow, max-snippet:-1, max-image-preview:large, max-video-preview:-1\" \/>\n<link rel=\"canonical\" href=\"https:\/\/challenge-cesenatico.com\/it\/triathlon-sprint\/\" \/>\n<meta property=\"og:locale\" content=\"it_IT\" \/>\n<meta property=\"og:type\" content=\"article\" \/>\n<meta property=\"og:title\" content=\"Triathlon Sprint - Challenge Cesenatico\" \/>\n<meta property=\"og:description\" content=\"[vc_row][vc_column][vc_single_image image=&#8221;7266&#8243; img_size=&#8221;full&#8221; css=&#8221;&#8221;][vc_column_text css=&#8221;.vc_custom_1771326611476{margin-bottom: 0px !important;}&#8221;] Triathlon Sprint &#8220;Citt\u00e0 di Cesenatico&#8221; SABATO 09 MAGGIO 2026 Il\u00a0 3\u00b0 Triathlon Sprint Citt\u00e0 di Cesenatico \u00a0sar\u00e0 pi\u00f9 che una gara di contorno di Challenge Cesenatico. La gara sar\u00e0 draft legal; sono vietate le biciclette da cronometro, gravel e city bike. Per prendere parte al 3\u00b0 Triathlon Sprint [&hellip;]\" \/>\n<meta property=\"og:url\" content=\"https:\/\/challenge-cesenatico.com\/it\/triathlon-sprint\/\" \/>\n<meta property=\"og:site_name\" content=\"Challenge Cesenatico\" \/>\n<meta property=\"article:modified_time\" content=\"2026-02-17T11:10:14+00:00\" \/>\n<meta name=\"twitter:card\" content=\"summary_large_image\" \/>\n<meta name=\"twitter:label1\" content=\"Tempo di lettura stimato\" \/>\n\t<meta name=\"twitter:data1\" content=\"3 minuti\" \/>\n<script type=\"application\/ld+json\" class=\"yoast-schema-graph\">{\"@context\":\"https:\/\/schema.org\",\"@graph\":[{\"@type\":\"WebPage\",\"@id\":\"https:\/\/challenge-cesenatico.com\/it\/triathlon-sprint\/\",\"url\":\"https:\/\/challenge-cesenatico.com\/it\/triathlon-sprint\/\",\"name\":\"Triathlon Sprint - Challenge Cesenatico\",\"isPartOf\":{\"@id\":\"https:\/\/challenge-cesenatico.com\/it\/#website\"},\"datePublished\":\"2017-12-07T16:31:15+00:00\",\"dateModified\":\"2026-02-17T11:10:14+00:00\",\"breadcrumb\":{\"@id\":\"https:\/\/challenge-cesenatico.com\/it\/triathlon-sprint\/#breadcrumb\"},\"inLanguage\":\"it-IT\",\"potentialAction\":[{\"@type\":\"ReadAction\",\"target\":[\"https:\/\/challenge-cesenatico.com\/it\/triathlon-sprint\/\"]}]},{\"@type\":\"BreadcrumbList\",\"@id\":\"https:\/\/challenge-cesenatico.com\/it\/triathlon-sprint\/#breadcrumb\",\"itemListElement\":[{\"@type\":\"ListItem\",\"position\":1,\"name\":\"Home\",\"item\":\"https:\/\/challenge-cesenatico.com\/it\/\"},{\"@type\":\"ListItem\",\"position\":2,\"name\":\"Triathlon Sprint\"}]},{\"@type\":\"WebSite\",\"@id\":\"https:\/\/challenge-cesenatico.com\/it\/#website\",\"url\":\"https:\/\/challenge-cesenatico.com\/it\/\",\"name\":\"Challenge Cesenatico\",\"description\":\"We are triathlon\",\"potentialAction\":[{\"@type\":\"SearchAction\",\"target\":{\"@type\":\"EntryPoint\",\"urlTemplate\":\"https:\/\/challenge-cesenatico.com\/it\/?s={search_term_string}\"},\"query-input\":{\"@type\":\"PropertyValueSpecification\",\"valueRequired\":true,\"valueName\":\"search_term_string\"}}],\"inLanguage\":\"it-IT\"}]}<\/script>\n<!-- \/ Yoast SEO plugin. -->","yoast_head_json":{"title":"Triathlon Sprint - Challenge Cesenatico","robots":{"index":"index","follow":"follow","max-snippet":"max-snippet:-1","max-image-preview":"max-image-preview:large","max-video-preview":"max-video-preview:-1"},"canonical":"https:\/\/challenge-cesenatico.com\/it\/triathlon-sprint\/","og_locale":"it_IT","og_type":"article","og_title":"Triathlon Sprint - Challenge Cesenatico","og_description":"[vc_row][vc_column][vc_single_image image=&#8221;7266&#8243; img_size=&#8221;full&#8221; css=&#8221;&#8221;][vc_column_text css=&#8221;.vc_custom_1771326611476{margin-bottom: 0px !important;}&#8221;] Triathlon Sprint &#8220;Citt\u00e0 di Cesenatico&#8221; SABATO 09 MAGGIO 2026 Il\u00a0 3\u00b0 Triathlon Sprint Citt\u00e0 di Cesenatico \u00a0sar\u00e0 pi\u00f9 che una gara di contorno di Challenge Cesenatico. La gara sar\u00e0 draft legal; sono vietate le biciclette da cronometro, gravel e city bike. Per prendere parte al 3\u00b0 Triathlon Sprint [&hellip;]","og_url":"https:\/\/challenge-cesenatico.com\/it\/triathlon-sprint\/","og_site_name":"Challenge Cesenatico","article_modified_time":"2026-02-17T11:10:14+00:00","twitter_card":"summary_large_image","twitter_misc":{"Tempo di lettura stimato":"3 minuti"},"schema":{"@context":"https:\/\/schema.org","@graph":[{"@type":"WebPage","@id":"https:\/\/challenge-cesenatico.com\/it\/triathlon-sprint\/","url":"https:\/\/challenge-cesenatico.com\/it\/triathlon-sprint\/","name":"Triathlon Sprint - Challenge Cesenatico","isPartOf":{"@id":"https:\/\/challenge-cesenatico.com\/it\/#website"},"datePublished":"2017-12-07T16:31:15+00:00","dateModified":"2026-02-17T11:10:14+00:00","breadcrumb":{"@id":"https:\/\/challenge-cesenatico.com\/it\/triathlon-sprint\/#breadcrumb"},"inLanguage":"it-IT","potentialAction":[{"@type":"ReadAction","target":["https:\/\/challenge-cesenatico.com\/it\/triathlon-sprint\/"]}]},{"@type":"BreadcrumbList","@id":"https:\/\/challenge-cesenatico.com\/it\/triathlon-sprint\/#breadcrumb","itemListElement":[{"@type":"ListItem","position":1,"name":"Home","item":"https:\/\/challenge-cesenatico.com\/it\/"},{"@type":"ListItem","position":2,"name":"Triathlon Sprint"}]},{"@type":"WebSite","@id":"https:\/\/challenge-cesenatico.com\/it\/#website","url":"https:\/\/challenge-cesenatico.com\/it\/","name":"Challenge Cesenatico","description":"We are triathlon","potentialAction":[{"@type":"SearchAction","target":{"@type":"EntryPoint","urlTemplate":"https:\/\/challenge-cesenatico.com\/it\/?s={search_term_string}"},"query-input":{"@type":"PropertyValueSpecification","valueRequired":true,"valueName":"search_term_string"}}],"inLanguage":"it-IT"}]}},"_links":{"self":[{"href":"https:\/\/challenge-cesenatico.com\/it\/wp-json\/wp\/v2\/pages\/1292"}],"collection":[{"href":"https:\/\/challenge-cesenatico.com\/it\/wp-json\/wp\/v2\/pages"}],"about":[{"href":"https:\/\/challenge-cesenatico.com\/it\/wp-json\/wp\/v2\/types\/page"}],"author":[{"embeddable":true,"href":"https:\/\/challenge-cesenatico.com\/it\/wp-json\/wp\/v2\/users\/5"}],"replies":[{"embeddable":true,"href":"https:\/\/challenge-cesenatico.com\/it\/wp-json\/wp\/v2\/comments?post=1292"}],"version-history":[{"count":73,"href":"https:\/\/challenge-cesenatico.com\/it\/wp-json\/wp\/v2\/pages\/1292\/revisions"}],"predecessor-version":[{"id":7961,"href":"https:\/\/challenge-cesenatico.com\/it\/wp-json\/wp\/v2\/pages\/1292\/revisions\/7961"}],"wp:attachment":[{"href":"https:\/\/challenge-cesenatico.com\/it\/wp-json\/wp\/v2\/media?parent=1292"}],"curies":[{"name":"wp","href":"https:\/\/api.w.org\/{rel}","templated":true}]}}